{"id":1767,"date":"2024-06-17T09:07:14","date_gmt":"2024-06-17T01:07:14","guid":{"rendered":"https:\/\/shenzhan.cn\/?page_id=1767"},"modified":"2024-07-02T21:31:19","modified_gmt":"2024-07-02T13:31:19","slug":"toner-and-color-concentrate","status":"publish","type":"page","link":"https:\/\/www.shenzhan.cn\/vi\/toner-and-color-concentrate\/","title":{"rendered":"B\u1ed9t M\u00e0u v\u00e0 H\u1ee3p Ch\u1ea5t M\u00e0u"},"content":{"rendered":"<div data-elementor-type=\"wp-page\" data-elementor-id=\"1767\" class=\"elementor elementor-1767\" data-elementor-post-type=\"page\">\n\t\t\t\t<div class=\"elementor-element elementor-element-4990dcd3 e-con-full e-flex e-con e-parent\" data-id=\"4990dcd3\" data-element_type=\"container\" data-settings=\"{&quot;background_background&quot;:&quot;classic&quot;,&quot;shape_divider_bottom&quot;:&quot;curve&quot;,&quot;shape_divider_bottom_negative&quot;:&quot;yes&quot;}\">\n\t\t\t\t<div class=\"elementor-shape elementor-shape-bottom\" aria-hidden=\"true\" data-negative=\"true\">\n\t\t\t<svg xmlns=\"http:\/\/www.w3.org\/2000\/svg\" viewbox=\"0 0 1000 100\" preserveaspectratio=\"none\">\n\t<path class=\"elementor-shape-fill\" d=\"M500,97C126.7,96.3,0.8,19.8,0,0v100l1000,0V1C1000,19.4,873.3,97.8,500,97z\"\/>\n<\/svg>\t\t<\/div>\n\t\t\t\t<div class=\"elementor-element elementor-element-60f6fd12 elementor-invisible elementor-widget elementor-widget-heading\" data-id=\"60f6fd12\" data-element_type=\"widget\" data-settings=\"{&quot;_animation&quot;:&quot;fadeIn&quot;}\" data-widget_type=\"heading.default\">\n\t\t\t\t<div class=\"elementor-widget-container\">\n\t\t\t\t\t<h2 class=\"elementor-heading-title elementor-size-default\">T\u1eeb N\u0103m 1997<\/h2>\t\t\t\t<\/div>\n\t\t\t\t<\/div>\n\t\t\t\t<div class=\"elementor-element elementor-element-309be632 elementor-invisible elementor-widget elementor-widget-heading\" data-id=\"309be632\" data-element_type=\"widget\" data-settings=\"{&quot;_animation&quot;:&quot;fadeInUp&quot;}\" data-widget_type=\"heading.default\">\n\t\t\t\t<div class=\"elementor-widget-container\">\n\t\t\t\t\t<h1 class=\"elementor-heading-title elementor-size-default\">B\u1ed9t M\u00e0u v\u00e0 H\u1ee3p Ch\u1ea5t M\u00e0u<\/h1>\t\t\t\t<\/div>\n\t\t\t\t<\/div>\n\t\t\t\t<\/div>\n\t\t<div class=\"elementor-element elementor-element-766bbb4 e-flex e-con-boxed e-con e-parent\" data-id=\"766bbb4\" data-element_type=\"container\" data-settings=\"{&quot;background_background&quot;:&quot;classic&quot;}\">\n\t\t\t\t\t<div class=\"e-con-inner\">\n\t\t\t\t<div class=\"elementor-element elementor-element-3f6bca8 elementor-widget elementor-widget-heading\" data-id=\"3f6bca8\" data-element_type=\"widget\" data-widget_type=\"heading.default\">\n\t\t\t\t<div class=\"elementor-widget-container\">\n\t\t\t\t\t<h2 class=\"elementor-heading-title elementor-size-default\">S\u01a0N C\u00d4NG NGHI\u1ec6P SHENZHAN<\/h2>\t\t\t\t<\/div>\n\t\t\t\t<\/div>\n\t\t\t\t<div class=\"elementor-element elementor-element-ca3a870 elementor-widget-divider--view-line elementor-widget elementor-widget-divider\" data-id=\"ca3a870\" data-element_type=\"widget\" data-widget_type=\"divider.default\">\n\t\t\t\t<div class=\"elementor-widget-container\">\n\t\t\t\t\t\t\t<div class=\"elementor-divider\">\n\t\t\t<span class=\"elementor-divider-separator\">\n\t\t\t\t\t\t<\/span>\n\t\t<\/div>\n\t\t\t\t\t\t<\/div>\n\t\t\t\t<\/div>\n\t\t\t\t\t<\/div>\n\t\t\t\t<\/div>\n\t\t<div class=\"elementor-element elementor-element-85ee09f e-flex e-con-boxed e-con e-parent\" data-id=\"85ee09f\" data-element_type=\"container\" data-settings=\"{&quot;background_background&quot;:&quot;classic&quot;}\">\n\t\t\t\t\t<div class=\"e-con-inner\">\n\t\t<div class=\"elementor-element elementor-element-f4cd1ce e-con-full elementor-hidden-tablet elementor-hidden-mobile e-flex e-con e-child\" data-id=\"f4cd1ce\" data-element_type=\"container\" data-settings=\"{&quot;background_background&quot;:&quot;classic&quot;}\">\n\t\t\t\t<div class=\"elementor-element elementor-element-ee72673 elementor-nav-menu__text-align-aside elementor-widget elementor-widget-nav-menu\" data-id=\"ee72673\" data-element_type=\"widget\" data-settings=\"{&quot;layout&quot;:&quot;dropdown&quot;,&quot;submenu_icon&quot;:{&quot;value&quot;:&quot;&lt;i class=\\&quot;\\&quot;&gt;&lt;\\\/i&gt;&quot;,&quot;library&quot;:&quot;&quot;}}\" data-widget_type=\"nav-menu.default\">\n\t\t\t\t<div class=\"elementor-widget-container\">\n\t\t\t\t\t\t\t\t<nav class=\"elementor-nav-menu--dropdown elementor-nav-menu__container\" aria-hidden=\"true\">\n\t\t\t\t<ul id=\"menu-2-ee72673\" class=\"elementor-nav-menu\"><li class=\"menu-item menu-item-type-taxonomy menu-item-object-category menu-item-1166\"><a href=\"https:\/\/www.shenzhan.cn\/vi\/category\/industrial-paint\/vacuum-metalizing-base-coat\/\" class=\"elementor-item\" tabindex=\"-1\">L\u1edbp L\u00f3t Ph\u1ee7 Kim Lo\u1ea1i Ch\u00e2n Kh\u00f4ng<\/a><\/li>\n<li class=\"menu-item menu-item-type-taxonomy menu-item-object-category menu-item-1164\"><a href=\"https:\/\/www.shenzhan.cn\/vi\/category\/industrial-paint\/top-coat\/\" class=\"elementor-item\" tabindex=\"-1\">L\u1edbp Ph\u1ee7 Tr\u00ean C\u00f9ng<\/a><\/li>\n<li class=\"menu-item menu-item-type-taxonomy menu-item-object-category menu-item-1165\"><a href=\"https:\/\/www.shenzhan.cn\/vi\/category\/industrial-paint\/uv-curing-vacuum-metalizing-coating\/\" class=\"elementor-item\" tabindex=\"-1\">Ch\u00e2n Kh\u00f4ng H\u00f3a C\u1ee9ng UV L\u1edbp Ph\u1ee7 kim Lo\u1ea1i<\/a><\/li>\n<li class=\"menu-item menu-item-type-taxonomy menu-item-object-category menu-item-1167\"><a href=\"https:\/\/www.shenzhan.cn\/vi\/category\/industrial-paint\/water-based-vacuum-metalizing-coating\/\" class=\"elementor-item\" tabindex=\"-1\">Ch\u00e2n Kh\u00f4ng D\u1ef1a Tr\u00ean N\u01b0\u1edbc L\u1edbp Ph\u1ee7 Kim Lo\u1ea1i<\/a><\/li>\n<li class=\"menu-item menu-item-type-taxonomy menu-item-object-category menu-item-1161\"><a href=\"https:\/\/www.shenzhan.cn\/vi\/category\/industrial-paint\/specialty-coatings\/\" class=\"elementor-item\" tabindex=\"-1\">L\u1edbp Ph\u1ee7 Chuy\u00ean D\u1ee5ng<\/a><\/li>\n<li class=\"menu-item menu-item-type-taxonomy menu-item-object-category menu-item-1160\"><a href=\"https:\/\/www.shenzhan.cn\/vi\/category\/industrial-paint\/automatic-curtain-coating-mirror-back-coating\/\" class=\"elementor-item\" tabindex=\"-1\">L\u1edbp Ph\u1ee7 G\u01b0\u01a1ng T\u1ef1 \u0111\u1ed9ng B\u1eb1ng M\u00e0n Che<\/a><\/li>\n<li class=\"menu-item menu-item-type-taxonomy menu-item-object-category menu-item-1162\"><a href=\"https:\/\/www.shenzhan.cn\/vi\/category\/industrial-paint\/thinner-assistant-materials\/\" class=\"elementor-item\" tabindex=\"-1\">Ch\u1ea5t L\u00e0m M\u1ecfng &amp; V\u1eadt Li\u1ec7u H\u1ed7 Tr\u1ee3<\/a><\/li>\n<li class=\"menu-item menu-item-type-post_type menu-item-object-page menu-item-1777\"><a href=\"https:\/\/www.shenzhan.cn\/vi\/toner-and-color-concentrate\/\" class=\"elementor-item\" tabindex=\"-1\">B\u1ed9t M\u00e0u v\u00e0 H\u1ee3p Ch\u1ea5t M\u00e0u<\/a><\/li>\n<\/ul>\t\t\t<\/nav>\n\t\t\t\t\t\t<\/div>\n\t\t\t\t<\/div>\n\t\t\t\t<\/div>\n\t\t<div class=\"elementor-element elementor-element-2652107 e-con-full e-flex e-con e-child\" data-id=\"2652107\" data-element_type=\"container\" data-settings=\"{&quot;background_background&quot;:&quot;classic&quot;}\">\n\t\t\t\t<div class=\"elementor-element elementor-element-f1deb67 elementor-widget elementor-widget-text-editor\" data-id=\"f1deb67\" data-element_type=\"widget\" data-widget_type=\"text-editor.default\">\n\t\t\t\t<div class=\"elementor-widget-container\">\n\t\t\t\t\t\t\t\t\t<p>\u0110\u1ec3 \u0111\u00e1p \u1ee9ng nhu c\u1ea7u v\u1ec1 hi\u1ec7u \u1ee9ng kim lo\u1ea1i ch\u00e2n kh\u00f4ng c\u1ee7a c\u00e1c s\u1ea3n ph\u1ea9m kh\u00e1c nhau, c\u00f4ng ty ch\u00fang t\u00f4i \u0111\u00e3 d\u1ef1 tr\u1eef l\u00e2u d\u00e0i nhi\u1ec1u lo\u1ea1i m\u1ef1c v\u00e0 ch\u1ea5t c\u00f4 \u0111\u1eb7c m\u00e0u kh\u00e1c nhau \u0111\u1ec3 ng\u01b0\u1eddi d\u00f9ng l\u1ef1a ch\u1ecdn. Ch\u00e0o m\u1eebng b\u1ea1n \u0111\u1ebfn h\u1ecfi th\u0103m v\u00e0\u00a0<strong><span style=\"color: #103687;\"><a style=\"color: #103687;\" href=\"https:\/\/www.shenzhan.cn\/vi\/contact\/\" target=\"_self\">\u0110\u1eb7t h\u00e0ng<\/a><\/span><\/strong>.<\/p>\t\t\t\t\t\t\t\t<\/div>\n\t\t\t\t<\/div>\n\t\t\t\t<div class=\"elementor-element elementor-element-fa9ef91 elementor-widget elementor-widget-text-editor\" data-id=\"fa9ef91\" data-element_type=\"widget\" data-widget_type=\"text-editor.default\">\n\t\t\t\t<div class=\"elementor-widget-container\">\n\t\t\t\t\t\t\t\t\t<table style=\"height: 110px; width: 100%; border-collapse: collapse;\"><tbody><tr style=\"height: 48px; background-color: #a4c4ff;\"><td style=\"width: 54%; height: 48px; text-align: center;\" colspan=\"3\"><span style=\"font-size: 20pt;\"><strong>B\u1ea3n Ch\u1ea5t<\/strong><\/span><\/td><\/tr><tr style=\"height: 48px; background-color: #b4ceff;\"><td style=\"width: 16%; height: 48px; text-align: center;\"><span style=\"font-size: 14pt;\"><strong>M\u00f4 H\u00ecnh<\/strong><\/span><\/td><td style=\"width: 16%; height: 48px; text-align: center;\"><span style=\"font-size: 14pt;\"><strong>T\u00ean S\u1ea3n Ph\u1ea9m<\/strong><\/span><\/td><td style=\"width: 21.7815%; height: 48px; text-align: center;\"><span style=\"font-size: 14pt;\"><strong>Th\u00f4ng S\u1ed1 K\u1ef9 Thu\u1eadt<\/strong><\/span><\/td><\/tr><tr style=\"background-color: #dae7ff;\"><td style=\"width: 16%; text-align: center;\">121<\/td><td style=\"width: 16%; text-align: center;\">Tinh ch\u1ea5t m\u00e0u v\u00e0ng<\/td><td style=\"width: 21.7815%; text-align: center;\">5kg\/can, 20kg\/drum<\/td><\/tr><tr style=\"background-color: #dae7ff;\"><td style=\"width: 16%; text-align: center;\">127<\/td><td style=\"width: 16%; text-align: center;\">Tinh ch\u1ea5t m\u00e0u \u0111\u1ecf v\u1edbi \u0111en<\/td><td style=\"width: 21.7815%; text-align: center;\">5kg\/can, 20kg\/drum<\/td><\/tr><tr style=\"background-color: #dae7ff;\"><td style=\"width: 16%; text-align: center;\">132<\/td><td style=\"width: 16%; text-align: center;\">Tinh ch\u1ea5t m\u00e0u \u0111\u00e0o<\/td><td style=\"width: 21.7815%; text-align: center;\">5kg\/can, 20kg\/drum<\/td><\/tr><tr style=\"background-color: #dae7ff;\"><td style=\"width: 16%; text-align: center;\">134<\/td><td style=\"width: 16%; text-align: center;\">Tinh ch\u1ea5t m\u00e0u \u0111en<\/td><td style=\"width: 21.7815%; text-align: center;\">5kg\/can, 20kg\/drum<\/td><\/tr><tr style=\"background-color: #dae7ff;\"><td style=\"width: 16%; text-align: center;\">146<\/td><td style=\"width: 16%; text-align: center;\">Tinh ch\u1ea5t m\u00e0u xanh lam sapphire<\/td><td style=\"width: 21.7815%; text-align: center;\">5kg\/can, 20kg\/drum<\/td><\/tr><tr style=\"background-color: #dae7ff;\"><td style=\"width: 16%; text-align: center;\">154<\/td><td style=\"width: 16%; text-align: center;\">Tinh ch\u1ea5t m\u00e0u cam<\/td><td style=\"width: 21.7815%; text-align: center;\">5kg\/can, 20kg\/drum<\/td><\/tr><tr style=\"background-color: #dae7ff;\"><td style=\"width: 16%; text-align: center;\">156<\/td><td style=\"width: 16%; text-align: center;\">Tinh ch\u1ea5t m\u00e0u \u0111en<\/td><td style=\"width: 21.7815%; text-align: center;\">5kg\/can, 20kg\/drum<\/td><\/tr><tr style=\"background-color: #dae7ff;\"><td style=\"width: 16%; text-align: center;\">170<\/td><td style=\"width: 16%; text-align: center;\">Tinh ch\u1ea5t m\u00e0u xanh da tr\u1eddi<\/td><td style=\"width: 21.7815%; text-align: center;\">5kg\/can, 20kg\/drum<\/td><\/tr><tr style=\"background-color: #dae7ff;\"><td style=\"width: 16%; text-align: center;\">304<\/td><td style=\"width: 16%; text-align: center;\">Tinh ch\u1ea5t m\u00e0u v\u00e0ng kim lo\u1ea1i<\/td><td style=\"width: 21.7815%; text-align: center;\">5kg\/can, 20kg\/drum<\/td><\/tr><tr style=\"background-color: #dae7ff;\"><td style=\"width: 16%; text-align: center;\">1119<\/td><td style=\"width: 16%; text-align: center;\">Tinh ch\u1ea5t m\u00e0u \u0111\u1ecf s\u00e1ng<\/td><td style=\"width: 21.7815%; text-align: center;\">5kg\/can, 20kg\/drum<\/td><\/tr><tr style=\"background-color: #dae7ff;\"><td style=\"width: 16%; text-align: center;\">1122<\/td><td style=\"width: 16%; text-align: center;\">Tinh ch\u1ea5t m\u00e0u \u0111\u1ecf l\u1edbn<\/td><td style=\"width: 21.7815%; text-align: center;\">5kg\/can, 20kg\/drum<\/td><\/tr><tr style=\"background-color: #dae7ff;\"><td style=\"width: 16%; text-align: center;\">1218<\/td><td style=\"width: 16%; text-align: center;\">Tinh ch\u1ea5t m\u00e0u \u0111\u1ecf h\u1ed3ng<\/td><td style=\"width: 21.7815%; text-align: center;\">5kg\/can, 20kg\/drum<\/td><\/tr><tr style=\"background-color: #dae7ff;\"><td style=\"width: 16%; text-align: center;\">1502<\/td><td style=\"width: 16%; text-align: center;\">Tinh ch\u1ea5t m\u00e0u xanh l\u00e1 c\u00e2y<\/td><td style=\"width: 21.7815%; text-align: center;\">5kg\/can, 20kg\/drum<\/td><\/tr><tr style=\"background-color: #dae7ff;\"><td style=\"width: 16%; text-align: center;\">1834<\/td><td style=\"width: 16%; text-align: center;\">Tinh ch\u1ea5t m\u00e0u xanh v\u1edbi \u0111en<\/td><td style=\"width: 21.7815%; text-align: center;\">5kg\/can, 20kg\/drum<\/td><\/tr><tr style=\"background-color: #dae7ff;\"><td style=\"width: 16%; text-align: center;\">8804<\/td><td style=\"width: 16%; text-align: center;\">Tinh ch\u1ea5t m\u00e0u \u0111\u1ecf t\u01b0\u01a1i s\u00e1ng<\/td><td style=\"width: 21.7815%; text-align: center;\">5kg\/can, 20kg\/drum<\/td><\/tr><\/tbody><\/table>\t\t\t\t\t\t\t\t<\/div>\n\t\t\t\t<\/div>\n\t\t\t\t<\/div>\n\t\t\t\t\t<\/div>\n\t\t\t\t<\/div>\n\t\t\t\t<\/div>","protected":false},"excerpt":{"rendered":"<p>Since 1997 Toner and Color Concentrate SHENZHAN INDUSTRIAL COATING In order to meet the needs of vacuum metalizing effects of different products, our company has long-term stocked various toners and color concentrates for users to choose from. Welcome to inquire and\u00a0Order. Essence Model Product Name Specs 121 Yellow essence 5kg\/can, 20kg\/drum 127 Red with black [&hellip;]<\/p>","protected":false},"author":2,"featured_media":0,"parent":0,"menu_order":0,"comment_status":"closed","ping_status":"closed","template":"","meta":{"_acf_changed":false,"_seopress_robots_primary_cat":"","_seopress_titles_title":"","_seopress_titles_desc":"In order to meet the needs of vacuum metalizing effects of different products, our company has long-term stocked various toners and color concentrates for users to choose from. Welcome to inquire and Order.","_seopress_robots_index":"","footnotes":""},"acf":[],"_links":{"self":[{"href":"https:\/\/www.shenzhan.cn\/vi\/wp-json\/wp\/v2\/pages\/1767"}],"collection":[{"href":"https:\/\/www.shenzhan.cn\/vi\/wp-json\/wp\/v2\/pages"}],"about":[{"href":"https:\/\/www.shenzhan.cn\/vi\/wp-json\/wp\/v2\/types\/page"}],"author":[{"embeddable":true,"href":"https:\/\/www.shenzhan.cn\/vi\/wp-json\/wp\/v2\/users\/2"}],"replies":[{"embeddable":true,"href":"https:\/\/www.shenzhan.cn\/vi\/wp-json\/wp\/v2\/comments?post=1767"}],"version-history":[{"count":95,"href":"https:\/\/www.shenzhan.cn\/vi\/wp-json\/wp\/v2\/pages\/1767\/revisions"}],"predecessor-version":[{"id":1911,"href":"https:\/\/www.shenzhan.cn\/vi\/wp-json\/wp\/v2\/pages\/1767\/revisions\/1911"}],"wp:attachment":[{"href":"https:\/\/www.shenzhan.cn\/vi\/wp-json\/wp\/v2\/media?parent=1767"}],"curies":[{"name":"wp","href":"https:\/\/api.w.org\/{rel}","templated":true}]}}