{"id":38,"date":"2024-05-09T15:18:12","date_gmt":"2024-05-09T07:18:12","guid":{"rendered":"https:\/\/shenzhan.cn\/?page_id=38"},"modified":"2024-07-05T15:47:13","modified_gmt":"2024-07-05T07:47:13","slug":"quality","status":"publish","type":"page","link":"https:\/\/www.shenzhan.cn\/vi\/quality\/","title":{"rendered":"Ch\u1ea5t L\u01b0\u1ee3ng"},"content":{"rendered":"<div data-elementor-type=\"wp-page\" data-elementor-id=\"38\" class=\"elementor elementor-38\" data-elementor-post-type=\"page\">\n\t\t\t\t<div class=\"elementor-element elementor-element-292e05be e-con-full e-flex e-con e-parent\" data-id=\"292e05be\" data-element_type=\"container\" data-settings=\"{&quot;background_background&quot;:&quot;classic&quot;,&quot;shape_divider_bottom&quot;:&quot;curve&quot;,&quot;shape_divider_bottom_negative&quot;:&quot;yes&quot;}\">\n\t\t\t\t<div class=\"elementor-shape elementor-shape-bottom\" aria-hidden=\"true\" data-negative=\"true\">\n\t\t\t<svg xmlns=\"http:\/\/www.w3.org\/2000\/svg\" viewbox=\"0 0 1000 100\" preserveaspectratio=\"none\">\n\t<path class=\"elementor-shape-fill\" d=\"M500,97C126.7,96.3,0.8,19.8,0,0v100l1000,0V1C1000,19.4,873.3,97.8,500,97z\"\/>\n<\/svg>\t\t<\/div>\n\t\t\t\t<div class=\"elementor-element elementor-element-6d342d8a elementor-invisible elementor-widget elementor-widget-heading\" data-id=\"6d342d8a\" data-element_type=\"widget\" data-settings=\"{&quot;_animation&quot;:&quot;fadeIn&quot;}\" data-widget_type=\"heading.default\">\n\t\t\t\t<div class=\"elementor-widget-container\">\n\t\t\t\t\t<h2 class=\"elementor-heading-title elementor-size-default\">T\u1eeb N\u0103m 1997<\/h2>\t\t\t\t<\/div>\n\t\t\t\t<\/div>\n\t\t\t\t<div class=\"elementor-element elementor-element-4abfc144 elementor-invisible elementor-widget elementor-widget-heading\" data-id=\"4abfc144\" data-element_type=\"widget\" data-settings=\"{&quot;_animation&quot;:&quot;fadeInUp&quot;}\" data-widget_type=\"heading.default\">\n\t\t\t\t<div class=\"elementor-widget-container\">\n\t\t\t\t\t<h1 class=\"elementor-heading-title elementor-size-default\">Ch\u1ea5t L\u01b0\u1ee3ng<\/h1>\t\t\t\t<\/div>\n\t\t\t\t<\/div>\n\t\t\t\t<\/div>\n\t\t<div class=\"elementor-element elementor-element-32233fb e-flex e-con-boxed e-con e-parent\" data-id=\"32233fb\" data-element_type=\"container\" data-settings=\"{&quot;background_background&quot;:&quot;classic&quot;}\">\n\t\t\t\t\t<div class=\"e-con-inner\">\n\t\t\t\t<div class=\"elementor-element elementor-element-b71617f elementor-widget elementor-widget-heading\" data-id=\"b71617f\" data-element_type=\"widget\" data-widget_type=\"heading.default\">\n\t\t\t\t<div class=\"elementor-widget-container\">\n\t\t\t\t\t<h2 class=\"elementor-heading-title elementor-size-default\">\u0110\u1ed1i t\u00e1c \u0111\u00e1ng tin c\u1eady c\u1ee7a b\u1ea1n trong l\u0129nh v\u1ef1c s\u01a1n c\u00f4ng nghi\u1ec7p<\/h2>\t\t\t\t<\/div>\n\t\t\t\t<\/div>\n\t\t\t\t<div class=\"elementor-element elementor-element-99b3ce3 elementor-widget-divider--view-line elementor-widget elementor-widget-divider\" data-id=\"99b3ce3\" data-element_type=\"widget\" data-widget_type=\"divider.default\">\n\t\t\t\t<div class=\"elementor-widget-container\">\n\t\t\t\t\t\t\t<div class=\"elementor-divider\">\n\t\t\t<span class=\"elementor-divider-separator\">\n\t\t\t\t\t\t<\/span>\n\t\t<\/div>\n\t\t\t\t\t\t<\/div>\n\t\t\t\t<\/div>\n\t\t\t\t<div class=\"elementor-element elementor-element-3fbaf75 elementor-widget elementor-widget-text-editor\" data-id=\"3fbaf75\" data-element_type=\"widget\" data-widget_type=\"text-editor.default\">\n\t\t\t\t<div class=\"elementor-widget-container\">\n\t\t\t\t\t\t\t\t\t<p>SHENZHAN l\u00e0 m\u1ed9t nh\u00e0 s\u1ea3n xu\u1ea5t Trung Qu\u1ed1c n\u1ed5i ti\u1ebfng chuy\u00ean v\u1ec1 c\u00f4ng ngh\u1ec7 ph\u1ee7 m\u1ea1 h\u00fat ch\u00e2n kh\u00f4ng. Ch\u00fang t\u00f4i s\u1edf h\u1eefu c\u00f4ng ngh\u1ec7 s\u1ea3n xu\u1ea5t c\u1ed1t l\u00f5i cho s\u01a1n ph\u1ee7 m\u1ea1 h\u00fat ch\u00e2n kh\u00f4ng v\u00e0 n\u1eafm gi\u1eef g\u1ea7n 20 b\u1eb1ng s\u00e1ng ch\u1ebf qu\u1ed1c gia. Cam k\u1ebft cung c\u1ea5p ch\u1ea5t l\u01b0\u1ee3ng v\u01b0\u1ee3t tr\u1ed9i v\u1edbi m\u1ee9c \u0111\u1ed9 hi\u1ec7u su\u1ea5t cao l\u00e0 cam k\u1ebft kh\u00f4ng b\u1ecb lay chuy\u1ec3n c\u1ee7a ch\u00fang t\u00f4i.<\/p>\t\t\t\t\t\t\t\t<\/div>\n\t\t\t\t<\/div>\n\t\t\t\t\t<\/div>\n\t\t\t\t<\/div>\n\t\t<div class=\"elementor-element elementor-element-733775f animated-slow e-flex e-con-boxed elementor-invisible e-con e-parent\" data-id=\"733775f\" data-element_type=\"container\" data-settings=\"{&quot;background_background&quot;:&quot;classic&quot;,&quot;animation&quot;:&quot;zoomIn&quot;}\">\n\t\t\t\t\t<div class=\"e-con-inner\">\n\t\t<div class=\"elementor-element elementor-element-84be704 e-con-full e-flex e-con e-child\" data-id=\"84be704\" data-element_type=\"container\" data-settings=\"{&quot;background_background&quot;:&quot;classic&quot;}\">\n\t\t\t\t<div class=\"elementor-element elementor-element-21b71c0 ekit-equal-height-disable elementor-widget elementor-widget-elementskit-icon-box\" data-id=\"21b71c0\" data-element_type=\"widget\" data-widget_type=\"elementskit-icon-box.default\">\n\t\t\t\t<div class=\"elementor-widget-container\">\n\t\t\t\t\t<div class=\"ekit-wid-con\" >        <!-- link opening -->\n                <a href=\"#\" class=\"ekit_global_links\">\n                <!-- end link opening -->\n\n        <div class=\"elementskit-infobox text-center text-center icon-top-align elementor-animation-   image-active\">\n                            <div class=\"elementskit-box-header\">\n                <div class=\"elementskit-info-box-icon\">\n                    <img fetchpriority=\"high\" decoding=\"async\" width=\"447\" height=\"307\" src=\"https:\/\/www.shenzhan.cn\/wp-content\/uploads\/2024\/06\/Shenzhan-Quality-1.webp\" class=\"attachment- size-\" alt=\"\" srcset=\"https:\/\/www.shenzhan.cn\/wp-content\/uploads\/2024\/06\/Shenzhan-Quality-1.webp 447w, https:\/\/www.shenzhan.cn\/wp-content\/uploads\/2024\/06\/Shenzhan-Quality-1-300x206.webp 300w\" sizes=\"(max-width: 447px) 100vw, 447px\" \/>                <\/div>\n          <\/div>\n                <div class=\"box-body\">\n                            <h3 class=\"elementskit-info-box-title\">\n                    \u0110\u1ed8 KEO D\u00cdNH M\u1ea0NH                <\/h3>\n                        \t\t  \t<p>\u0110\u1ed9 k\u1ebft d\u00ednh tuy\u1ec7t v\u1eddi \u0111\u1ea3m b\u1ea3o l\u1edbp ph\u1ee7 \u0111\u01b0\u1ee3c g\u1eafn ch\u1eb7t v\u00e0 \u0111\u1ed3ng \u0111\u1ec1u v\u00e0o b\u1ec1 m\u1eb7t s\u1ea3n ph\u1ea9m.<\/p>\n                                <\/div>\n        \n                    <figure class=\"image-hover\"><img decoding=\"async\" src=\"https:\/\/www.shenzhan.cn\/wp-content\/plugins\/elementor\/assets\/images\/placeholder.png\" title=\"\" alt=\"\" class=\"\" \/><\/figure>        \n                <\/div>\n                <\/a>\n        <\/div>\t\t\t\t<\/div>\n\t\t\t\t<\/div>\n\t\t\t\t<\/div>\n\t\t<div class=\"elementor-element elementor-element-eca1ac3 e-con-full e-flex e-con e-child\" data-id=\"eca1ac3\" data-element_type=\"container\" data-settings=\"{&quot;background_background&quot;:&quot;classic&quot;}\">\n\t\t\t\t<div class=\"elementor-element elementor-element-c2ca573 ekit-equal-height-disable elementor-widget elementor-widget-elementskit-icon-box\" data-id=\"c2ca573\" data-element_type=\"widget\" data-widget_type=\"elementskit-icon-box.default\">\n\t\t\t\t<div class=\"elementor-widget-container\">\n\t\t\t\t\t<div class=\"ekit-wid-con\" >        <!-- link opening -->\n                <a href=\"#\" class=\"ekit_global_links\">\n                <!-- end link opening -->\n\n        <div class=\"elementskit-infobox text-center text- icon-top-align elementor-animation-   image-active\">\n                            <div class=\"elementskit-box-header\">\n                <div class=\"elementskit-info-box-icon\">\n                    <img decoding=\"async\" width=\"447\" height=\"307\" src=\"https:\/\/www.shenzhan.cn\/wp-content\/uploads\/2024\/06\/Shenzhan-Quality-2.webp\" class=\"attachment- size-\" alt=\"\" srcset=\"https:\/\/www.shenzhan.cn\/wp-content\/uploads\/2024\/06\/Shenzhan-Quality-2.webp 447w, https:\/\/www.shenzhan.cn\/wp-content\/uploads\/2024\/06\/Shenzhan-Quality-2-300x206.webp 300w\" sizes=\"(max-width: 447px) 100vw, 447px\" \/>                <\/div>\n          <\/div>\n                <div class=\"box-body\">\n                            <h3 class=\"elementskit-info-box-title\">\n                    T\u00cdNH C\u01a0 H\u1eccC T\u1ed0T                <\/h3>\n                        \t\t  \t<p>S\u1ea3n ph\u1ea9m \u0111\u01b0\u1ee3c ph\u1ee7 c\u00f3 t\u00ednh c\u01a1 h\u1ecdc xu\u1ea5t s\u1eafc v\u00e0 c\u00f3 th\u1ec3 ch\u1ecbu \u0111\u1ef1ng m\u1ed9t m\u1ee9c \u0111\u1ed9 va \u0111\u1eadp v\u00e0 m\u00e0i m\u00f2n nh\u1ea5t \u0111\u1ecbnh.<\/p>\n                                <\/div>\n        \n                    <figure class=\"image-hover\"><img decoding=\"async\" src=\"https:\/\/www.shenzhan.cn\/wp-content\/plugins\/elementor\/assets\/images\/placeholder.png\" title=\"\" alt=\"\" class=\"\" \/><\/figure>        \n                <\/div>\n                <\/a>\n        <\/div>\t\t\t\t<\/div>\n\t\t\t\t<\/div>\n\t\t\t\t<\/div>\n\t\t<div class=\"elementor-element elementor-element-4fe16a4 e-con-full e-flex e-con e-child\" data-id=\"4fe16a4\" data-element_type=\"container\" data-settings=\"{&quot;background_background&quot;:&quot;classic&quot;}\">\n\t\t\t\t<div class=\"elementor-element elementor-element-ae847c4 ekit-equal-height-disable elementor-widget elementor-widget-elementskit-icon-box\" data-id=\"ae847c4\" data-element_type=\"widget\" data-widget_type=\"elementskit-icon-box.default\">\n\t\t\t\t<div class=\"elementor-widget-container\">\n\t\t\t\t\t<div class=\"ekit-wid-con\" >        <!-- link opening -->\n                <a href=\"#\" class=\"ekit_global_links\">\n                <!-- end link opening -->\n\n        <div class=\"elementskit-infobox text-center text- icon-top-align elementor-animation-   image-active\">\n                            <div class=\"elementskit-box-header\">\n                <div class=\"elementskit-info-box-icon\">\n                    <img decoding=\"async\" width=\"447\" height=\"307\" src=\"https:\/\/www.shenzhan.cn\/wp-content\/uploads\/2024\/06\/Shenzhan-Quality-3.webp\" class=\"attachment- size-\" alt=\"\" srcset=\"https:\/\/www.shenzhan.cn\/wp-content\/uploads\/2024\/06\/Shenzhan-Quality-3.webp 447w, https:\/\/www.shenzhan.cn\/wp-content\/uploads\/2024\/06\/Shenzhan-Quality-3-300x206.webp 300w\" sizes=\"(max-width: 447px) 100vw, 447px\" \/>                <\/div>\n          <\/div>\n                <div class=\"box-body\">\n                            <h3 class=\"elementskit-info-box-title\">\n                    L\u1edaP PH\u1ee6 B\u1ec0N B\u1ec8                <\/h3>\n                        \t\t  \t<p>L\u1edbp s\u01a1n duy tr\u00ec \u0111\u01b0\u1ee3c c\u1ea5u tr\u00fac v\u00e0 di\u1ec7n m\u1ea1o c\u1ee7a n\u00f3, ch\u1ed1ng \u0103n m\u00f2n v\u00e0 k\u00e9o d\u00e0i tu\u1ed5i th\u1ecd c\u1ee7a s\u1ea3n ph\u1ea9m.<\/p>\n                                <\/div>\n        \n                    <figure class=\"image-hover\"><img decoding=\"async\" src=\"https:\/\/www.shenzhan.cn\/wp-content\/plugins\/elementor\/assets\/images\/placeholder.png\" title=\"\" alt=\"\" class=\"\" \/><\/figure>        \n                <\/div>\n                <\/a>\n        <\/div>\t\t\t\t<\/div>\n\t\t\t\t<\/div>\n\t\t\t\t<\/div>\n\t\t\t\t\t<\/div>\n\t\t\t\t<\/div>\n\t\t<div class=\"elementor-element elementor-element-4251bae animated-slow e-flex e-con-boxed elementor-invisible e-con e-parent\" data-id=\"4251bae\" data-element_type=\"container\" data-settings=\"{&quot;background_background&quot;:&quot;classic&quot;,&quot;animation&quot;:&quot;fadeInUp&quot;}\">\n\t\t\t\t\t<div class=\"e-con-inner\">\n\t\t<div class=\"elementor-element elementor-element-c5805e5 e-con-full e-flex e-con e-child\" data-id=\"c5805e5\" data-element_type=\"container\" data-settings=\"{&quot;background_background&quot;:&quot;classic&quot;}\">\n\t\t\t\t<div class=\"elementor-element elementor-element-69380fd ekit-equal-height-disable elementor-widget elementor-widget-elementskit-icon-box\" data-id=\"69380fd\" data-element_type=\"widget\" data-widget_type=\"elementskit-icon-box.default\">\n\t\t\t\t<div class=\"elementor-widget-container\">\n\t\t\t\t\t<div class=\"ekit-wid-con\" >        <!-- link opening -->\n                <a href=\"#\" class=\"ekit_global_links\">\n                <!-- end link opening -->\n\n        <div class=\"elementskit-infobox text-center text-center icon-top-align elementor-animation-   image-active\">\n                            <div class=\"elementskit-box-header\">\n                <div class=\"elementskit-info-box-icon\">\n                    <img loading=\"lazy\" decoding=\"async\" width=\"447\" height=\"307\" src=\"https:\/\/www.shenzhan.cn\/wp-content\/uploads\/2024\/06\/Shenzhan-Quality-4.webp\" class=\"attachment- size-\" alt=\"\" srcset=\"https:\/\/www.shenzhan.cn\/wp-content\/uploads\/2024\/06\/Shenzhan-Quality-4.webp 447w, https:\/\/www.shenzhan.cn\/wp-content\/uploads\/2024\/06\/Shenzhan-Quality-4-300x206.webp 300w\" sizes=\"(max-width: 447px) 100vw, 447px\" \/>                <\/div>\n          <\/div>\n                <div class=\"box-body\">\n                            <h3 class=\"elementskit-info-box-title\">\n                    KH\u00d4 NHANH                <\/h3>\n                        \t\t  \t<p>Ti\u1ebft ki\u1ec7m th\u1eddi gian kh\u00f4 v\u00e0 t\u0103ng t\u1ed1c hi\u1ec7u su\u1ea5t s\u1ea3n xu\u1ea5t.<br><br><\/p>\n                                <\/div>\n        \n                    <figure class=\"image-hover\"><img decoding=\"async\" src=\"https:\/\/www.shenzhan.cn\/wp-content\/plugins\/elementor\/assets\/images\/placeholder.png\" title=\"\" alt=\"\" class=\"\" \/><\/figure>        \n                <\/div>\n                <\/a>\n        <\/div>\t\t\t\t<\/div>\n\t\t\t\t<\/div>\n\t\t\t\t<\/div>\n\t\t<div class=\"elementor-element elementor-element-797419a e-con-full e-flex e-con e-child\" data-id=\"797419a\" data-element_type=\"container\" data-settings=\"{&quot;background_background&quot;:&quot;classic&quot;}\">\n\t\t\t\t<div class=\"elementor-element elementor-element-0571782 ekit-equal-height-disable elementor-widget elementor-widget-elementskit-icon-box\" data-id=\"0571782\" data-element_type=\"widget\" data-widget_type=\"elementskit-icon-box.default\">\n\t\t\t\t<div class=\"elementor-widget-container\">\n\t\t\t\t\t<div class=\"ekit-wid-con\" >        <!-- link opening -->\n                <a href=\"#\" class=\"ekit_global_links\">\n                <!-- end link opening -->\n\n        <div class=\"elementskit-infobox text-center text- icon-top-align elementor-animation-   image-active\">\n                            <div class=\"elementskit-box-header\">\n                <div class=\"elementskit-info-box-icon\">\n                    <img loading=\"lazy\" decoding=\"async\" width=\"447\" height=\"307\" src=\"https:\/\/www.shenzhan.cn\/wp-content\/uploads\/2024\/06\/Shenzhan-Quality-5.webp\" class=\"attachment- size-\" alt=\"\" srcset=\"https:\/\/www.shenzhan.cn\/wp-content\/uploads\/2024\/06\/Shenzhan-Quality-5.webp 447w, https:\/\/www.shenzhan.cn\/wp-content\/uploads\/2024\/06\/Shenzhan-Quality-5-300x206.webp 300w\" sizes=\"(max-width: 447px) 100vw, 447px\" \/>                <\/div>\n          <\/div>\n                <div class=\"box-body\">\n                            <h3 class=\"elementskit-info-box-title\">\n                    HI\u1ec6U N\u0102NG \u1ed4N \u0110\u1ecaNH                <\/h3>\n                        \t\t  \t<p>L\u1edbp ph\u1ee7 \u0111\u1ea3m b\u1ea3o r\u1eb1ng s\u1ea3n ph\u1ea9m duy tr\u00ec hi\u1ec7u n\u0103ng v\u00e0 di\u1ec7n m\u1ea1o \u1ed5n \u0111\u1ecbnh theo th\u1eddi gian.<\/p>\n                                <\/div>\n        \n                    <figure class=\"image-hover\"><img decoding=\"async\" src=\"https:\/\/www.shenzhan.cn\/wp-content\/plugins\/elementor\/assets\/images\/placeholder.png\" title=\"\" alt=\"\" class=\"\" \/><\/figure>        \n                <\/div>\n                <\/a>\n        <\/div>\t\t\t\t<\/div>\n\t\t\t\t<\/div>\n\t\t\t\t<\/div>\n\t\t<div class=\"elementor-element elementor-element-7aa0680 e-con-full e-flex e-con e-child\" data-id=\"7aa0680\" data-element_type=\"container\" data-settings=\"{&quot;background_background&quot;:&quot;classic&quot;}\">\n\t\t\t\t<div class=\"elementor-element elementor-element-c3f4477 ekit-equal-height-disable elementor-widget elementor-widget-elementskit-icon-box\" data-id=\"c3f4477\" data-element_type=\"widget\" data-widget_type=\"elementskit-icon-box.default\">\n\t\t\t\t<div class=\"elementor-widget-container\">\n\t\t\t\t\t<div class=\"ekit-wid-con\" >        <!-- link opening -->\n                <a href=\"#\" class=\"ekit_global_links\">\n                <!-- end link opening -->\n\n        <div class=\"elementskit-infobox text-center text- icon-top-align elementor-animation-   image-active\">\n                            <div class=\"elementskit-box-header\">\n                <div class=\"elementskit-info-box-icon\">\n                    <img loading=\"lazy\" decoding=\"async\" width=\"447\" height=\"307\" src=\"https:\/\/www.shenzhan.cn\/wp-content\/uploads\/2024\/06\/Shenzhan-Quality-6.webp\" class=\"attachment- size-\" alt=\"\" srcset=\"https:\/\/www.shenzhan.cn\/wp-content\/uploads\/2024\/06\/Shenzhan-Quality-6.webp 447w, https:\/\/www.shenzhan.cn\/wp-content\/uploads\/2024\/06\/Shenzhan-Quality-6-300x206.webp 300w\" sizes=\"(max-width: 447px) 100vw, 447px\" \/>                <\/div>\n          <\/div>\n                <div class=\"box-body\">\n                            <h3 class=\"elementskit-info-box-title\">\n                    \u0110\u1ed8 TH\u00cdCH \u1ee8NG R\u1ed8NG                <\/h3>\n                        \t\t  \t<p>Quy tr\u00ecnh s\u01a1n ph\u1ee7 n\u00e0y c\u00f3 th\u1ec3 \u0111\u01b0\u1ee3c \u00e1p d\u1ee5ng cho nhi\u1ec1u v\u1eadt li\u1ec7u v\u00e0 h\u00ecnh d\u1ea1ng kh\u00e1c nhau.<br><br><\/p>\n                                <\/div>\n        \n                    <figure class=\"image-hover\"><img decoding=\"async\" src=\"https:\/\/www.shenzhan.cn\/wp-content\/plugins\/elementor\/assets\/images\/placeholder.png\" title=\"\" alt=\"\" class=\"\" \/><\/figure>        \n                <\/div>\n                <\/a>\n        <\/div>\t\t\t\t<\/div>\n\t\t\t\t<\/div>\n\t\t\t\t<\/div>\n\t\t\t\t\t<\/div>\n\t\t\t\t<\/div>\n\t\t<div class=\"elementor-element elementor-element-b86a0f0 e-flex e-con-boxed e-con e-parent\" data-id=\"b86a0f0\" data-element_type=\"container\">\n\t\t\t\t\t<div class=\"e-con-inner\">\n\t\t<div class=\"elementor-element elementor-element-8a9e18f e-con-full e-flex e-con e-child\" data-id=\"8a9e18f\" data-element_type=\"container\">\n\t\t\t\t<div class=\"elementor-element elementor-element-1b85942 animated-slow elementor-invisible elementor-widget elementor-widget-image\" data-id=\"1b85942\" data-element_type=\"widget\" data-settings=\"{&quot;_animation&quot;:&quot;fadeInLeft&quot;}\" data-widget_type=\"image.default\">\n\t\t\t\t<div class=\"elementor-widget-container\">\n\t\t\t\t\t\t\t\t\t\t\t\t\t\t\t<img loading=\"lazy\" decoding=\"async\" width=\"732\" height=\"530\" src=\"https:\/\/www.shenzhan.cn\/wp-content\/uploads\/2024\/06\/Shenzhan-Quality-7.webp\" class=\"attachment-full size-full wp-image-1386\" alt=\"\" srcset=\"https:\/\/www.shenzhan.cn\/wp-content\/uploads\/2024\/06\/Shenzhan-Quality-7.webp 732w, https:\/\/www.shenzhan.cn\/wp-content\/uploads\/2024\/06\/Shenzhan-Quality-7-300x217.webp 300w\" sizes=\"(max-width: 732px) 100vw, 732px\" \/>\t\t\t\t\t\t\t\t\t\t\t\t\t\t\t<\/div>\n\t\t\t\t<\/div>\n\t\t\t\t<\/div>\n\t\t<div class=\"elementor-element elementor-element-f6bf49b e-con-full e-flex e-con e-child\" data-id=\"f6bf49b\" data-element_type=\"container\">\n\t\t\t\t<div class=\"elementor-element elementor-element-4aa2743 elementor-widget elementor-widget-heading\" data-id=\"4aa2743\" data-element_type=\"widget\" data-widget_type=\"heading.default\">\n\t\t\t\t<div class=\"elementor-widget-container\">\n\t\t\t\t\t<h2 class=\"elementor-heading-title elementor-size-default\">S\u01a1n v\u00e0 l\u1edbp ph\u1ee7 xu\u1ea5t s\u1eafc<\/h2>\t\t\t\t<\/div>\n\t\t\t\t<\/div>\n\t\t\t\t<div class=\"elementor-element elementor-element-df8358c elementor-widget-divider--view-line elementor-widget elementor-widget-divider\" data-id=\"df8358c\" data-element_type=\"widget\" data-widget_type=\"divider.default\">\n\t\t\t\t<div class=\"elementor-widget-container\">\n\t\t\t\t\t\t\t<div class=\"elementor-divider\">\n\t\t\t<span class=\"elementor-divider-separator\">\n\t\t\t\t\t\t<\/span>\n\t\t<\/div>\n\t\t\t\t\t\t<\/div>\n\t\t\t\t<\/div>\n\t\t\t\t<div class=\"elementor-element elementor-element-71a50bc elementor-widget elementor-widget-text-editor\" data-id=\"71a50bc\" data-element_type=\"widget\" data-widget_type=\"text-editor.default\">\n\t\t\t\t<div class=\"elementor-widget-container\">\n\t\t\t\t\t\t\t\t\t<p>M\u1ed7i lo\u1ea1i s\u01a1n m\u00e0 SHANZHAN cung c\u1ea5p \u0111\u1ec1u v\u01b0\u1ee3t tr\u1ed9i trong l\u0129nh v\u1ef1c t\u01b0\u01a1ng \u1ee9ng. Ch\u00fang t\u00f4i cung c\u1ea5p ch\u1ea5t l\u01b0\u1ee3ng h\u00e0ng \u0111\u1ea7u trong ng\u00e0nh \u0111\u1ec3 n\u00e2ng cao l\u1ee3i t\u1ee9c \u0111\u1ea7u t\u01b0 c\u1ee7a b\u1ea1n v\u00e0 mang l\u1ea1i l\u1ee3i th\u1ebf c\u1ea1nh tranh. Nh\u01b0ng \u0111\u1eebng ch\u1ec9 tin v\u00e0o l\u1eddi n\u00f3i c\u1ee7a ch\u00fang t\u00f4i, h\u00e3y ch\u1ee9ng ki\u1ebfn ch\u1ea5t l\u01b0\u1ee3ng c\u1ee7a ch\u00fang t\u00f4i th\u00f4ng qua <a href=\"#footer_form\"><span style=\"color: #86c84c;\">m\u1eabu mi\u1ec5n ph\u00ed<\/span><\/a>.<\/p>\t\t\t\t\t\t\t\t<\/div>\n\t\t\t\t<\/div>\n\t\t\t\t<\/div>\n\t\t\t\t\t<\/div>\n\t\t\t\t<\/div>\n\t\t<div class=\"elementor-element elementor-element-6a72282 e-flex e-con-boxed e-con e-parent\" data-id=\"6a72282\" data-element_type=\"container\">\n\t\t\t\t\t<div class=\"e-con-inner\">\n\t\t<div class=\"elementor-element elementor-element-66bc574 e-con-full e-flex e-con e-child\" data-id=\"66bc574\" data-element_type=\"container\">\n\t\t\t\t<div class=\"elementor-element elementor-element-fa13b3e animated-slow elementor-invisible elementor-widget elementor-widget-image\" data-id=\"fa13b3e\" data-element_type=\"widget\" data-settings=\"{&quot;_animation&quot;:&quot;fadeInRight&quot;}\" data-widget_type=\"image.default\">\n\t\t\t\t<div class=\"elementor-widget-container\">\n\t\t\t\t\t\t\t\t\t\t\t\t\t\t\t<img loading=\"lazy\" decoding=\"async\" width=\"732\" height=\"530\" src=\"https:\/\/www.shenzhan.cn\/wp-content\/uploads\/2024\/06\/Shenzhan-Quality-8.webp\" class=\"attachment-full size-full wp-image-1387\" alt=\"\" srcset=\"https:\/\/www.shenzhan.cn\/wp-content\/uploads\/2024\/06\/Shenzhan-Quality-8.webp 732w, https:\/\/www.shenzhan.cn\/wp-content\/uploads\/2024\/06\/Shenzhan-Quality-8-300x217.webp 300w\" sizes=\"(max-width: 732px) 100vw, 732px\" \/>\t\t\t\t\t\t\t\t\t\t\t\t\t\t\t<\/div>\n\t\t\t\t<\/div>\n\t\t\t\t<\/div>\n\t\t<div class=\"elementor-element elementor-element-96f0001 e-con-full e-flex e-con e-child\" data-id=\"96f0001\" data-element_type=\"container\">\n\t\t\t\t<div class=\"elementor-element elementor-element-00654ed elementor-widget elementor-widget-heading\" data-id=\"00654ed\" data-element_type=\"widget\" data-widget_type=\"heading.default\">\n\t\t\t\t<div class=\"elementor-widget-container\">\n\t\t\t\t\t<h2 class=\"elementor-heading-title elementor-size-default\">Ch\u1ea5t l\u01b0\u1ee3ng t\u1eeb ph\u00f2ng th\u00ed nghi\u1ec7m \u0111\u1ebfn s\u1ea3n ph\u1ea9m cu\u1ed1i<\/h2>\t\t\t\t<\/div>\n\t\t\t\t<\/div>\n\t\t\t\t<div class=\"elementor-element elementor-element-8a512c3 elementor-widget-divider--view-line elementor-widget elementor-widget-divider\" data-id=\"8a512c3\" data-element_type=\"widget\" data-widget_type=\"divider.default\">\n\t\t\t\t<div class=\"elementor-widget-container\">\n\t\t\t\t\t\t\t<div class=\"elementor-divider\">\n\t\t\t<span class=\"elementor-divider-separator\">\n\t\t\t\t\t\t<\/span>\n\t\t<\/div>\n\t\t\t\t\t\t<\/div>\n\t\t\t\t<\/div>\n\t\t\t\t<div class=\"elementor-element elementor-element-c08a969 elementor-widget elementor-widget-text-editor\" data-id=\"c08a969\" data-element_type=\"widget\" data-widget_type=\"text-editor.default\">\n\t\t\t\t<div class=\"elementor-widget-container\">\n\t\t\t\t\t\t\t\t\t<p>C\u00e1c k\u1ef9 s\u01b0 h\u00e0ng \u0111\u1ea7u c\u1ee7a ch\u00fang t\u00f4i trong ph\u00f2ng th\u00ed nghi\u1ec7m nghi\u00ean c\u1ee9u v\u00e0 ph\u00e1t tri\u1ec3n h\u00e0ng ng\u00e0y ti\u1ebfn h\u00e0nh c\u00e1c ki\u1ec3m tra ph\u1ee7 m\u1ea1 h\u00f3a h\u1ecdc nghi\u00eam ng\u1eb7t nh\u1ea5t. Ch\u00fang t\u00f4i \u0111\u1eb7t s\u1ef1 quan tr\u1ecdng h\u00e0ng \u0111\u1ea7u v\u00e0o vi\u1ec7c c\u1ea3i thi\u1ec7n v\u00e0 ph\u00e1t tri\u1ec3n ch\u1ea5t l\u01b0\u1ee3ng, gi\u00fap n\u00f3 ch\u1ecbu \u0111\u01b0\u1ee3c nh\u1eefng \u0111i\u1ec1u ki\u1ec7n kh\u1eafc nghi\u1ec7t nh\u1ea5t. V\u1edbi m\u1ee5c ti\u00eau n\u00e0y, ch\u00fang t\u00f4i \u0111\u00e3 thi\u1ebft l\u1eadp m\u1ed9t ph\u00f2ng th\u00ed nghi\u1ec7m nghi\u00ean c\u1ee9u v\u00e0 ph\u00e1t tri\u1ec3n \u0111\u1eb7c bi\u1ec7t v\u00e0 li\u00ean t\u1ee5c \u0111\u1ea7u t\u01b0 v\u00e0o c\u00e1c c\u01a1 s\u1edf hi\u1ec7n \u0111\u1ea1i v\u00e0 thi\u1ebft b\u1ecb ki\u1ec3m tra cao c\u1ea5p.<\/p>\t\t\t\t\t\t\t\t<\/div>\n\t\t\t\t<\/div>\n\t\t\t\t<\/div>\n\t\t\t\t\t<\/div>\n\t\t\t\t<\/div>\n\t\t\t\t<\/div>","protected":false},"excerpt":{"rendered":"<p>Since 1997 QUALITY Your reliable partner for industrial coatings SHENZHAN is a renowned Chinese manufacturer specialising in vacuum coating technology. We possess the core manufacturing technology for vacuum metallizing coating and hold nearly 20 national invention patents. Offering superior quality at a high cost-performance ratio is our unwavering commitment. STRONG ADHESION Excellent adhesion ensures that [&hellip;]<\/p>","protected":false},"author":2,"featured_media":0,"parent":0,"menu_order":0,"comment_status":"closed","ping_status":"closed","template":"","meta":{"_acf_changed":false,"_seopress_robots_primary_cat":"","_seopress_titles_title":"Your reliable partner for industrial coatings - SHENZHAN","_seopress_titles_desc":"SHENZHAN is a renowned Chinese manufacturer specialising in vacuum coating technology. We possess the core manufacturing technology for vacuum metallizing coating and hold nearly 20 national invention patents. Offering superior quality at a high cost-performance ratio is our unwavering commitment.","_seopress_robots_index":"","footnotes":""},"acf":[],"_links":{"self":[{"href":"https:\/\/www.shenzhan.cn\/vi\/wp-json\/wp\/v2\/pages\/38"}],"collection":[{"href":"https:\/\/www.shenzhan.cn\/vi\/wp-json\/wp\/v2\/pages"}],"about":[{"href":"https:\/\/www.shenzhan.cn\/vi\/wp-json\/wp\/v2\/types\/page"}],"author":[{"embeddable":true,"href":"https:\/\/www.shenzhan.cn\/vi\/wp-json\/wp\/v2\/users\/2"}],"replies":[{"embeddable":true,"href":"https:\/\/www.shenzhan.cn\/vi\/wp-json\/wp\/v2\/comments?post=38"}],"version-history":[{"count":109,"href":"https:\/\/www.shenzhan.cn\/vi\/wp-json\/wp\/v2\/pages\/38\/revisions"}],"predecessor-version":[{"id":1924,"href":"https:\/\/www.shenzhan.cn\/vi\/wp-json\/wp\/v2\/pages\/38\/revisions\/1924"}],"wp:attachment":[{"href":"https:\/\/www.shenzhan.cn\/vi\/wp-json\/wp\/v2\/media?parent=38"}],"curies":[{"name":"wp","href":"https:\/\/api.w.org\/{rel}","templated":true}]}}